{"id":7,"date":"2014-10-29T19:18:40","date_gmt":"2014-10-29T19:18:40","guid":{"rendered":"http:\/\/mangon-home.fr\/microtel-dieulouard\/?page_id=7"},"modified":"2019-07-17T18:01:50","modified_gmt":"2019-07-17T18:01:50","slug":"a-propos","status":"publish","type":"page","link":"http:\/\/mangon-home.fr\/microtel-dieulouard\/a-propos\/","title":{"rendered":"A propos"},"content":{"rendered":"<h1><span style=\"color: #000000; font-family: Times New Roman;\">A propos<\/span><\/h1>\n<p><span style=\"font-size: medium;\">Bonjour \u00e0 toutes et \u00e0 tous<\/span><\/p>\n<h5>Qui sommes-nous<em>&nbsp;:<\/em><\/h5>\n<p><span style=\"font-size: medium;\">Nous sommes un petit groupe de b\u00e9n\u00e9voles qui partageons notre savoir sur l\u2019informatique avec toutes les personnes d\u00e9sireuses d\u2019en conna\u00eetre davantage.<\/span><\/p>\n<h5>O\u00f9 sommes-nous<em>&nbsp;:<\/em><\/h5>\n<p><span style=\"font-size: medium;\">Le Club MICROTEL Multim\u00e9dia de Dieulouard se trouve au n\u00b0 10 de la rue Saint-Laurent \u00e0 DIEULOUARD (dans la rue de l\u2019Eglise et \u00e0 c\u00f4t\u00e9 de la Mairie au 1<\/span><sup>er<\/sup><span style=\"font-size: medium;\"> \u00e9tage).<\/span><\/p>\n<h5>Nos horaires<em>&nbsp;:<\/em><\/h5>\n<p><span style=\"font-size: medium;\">\u27a2<\/span><span style=\"font: 7pt 'Times New Roman'; margin: 0px; font-size-adjust: none; font-stretch: normal;\">&nbsp; <\/span><span style=\"font-size: medium;\">le lundi de 14 h 00 \u00e0 16 h 00 et de 20 h 00 \u00e0 22 h 00 \u00e9pisodiquement<\/span><\/p>\n<p><span style=\"font-size: medium;\">\u27a2<\/span><span style=\"font: 7pt 'Times New Roman'; margin: 0px; font-size-adjust: none; font-stretch: normal;\">&nbsp; <\/span><span style=\"font-size: medium;\">le jeudi de 14 h 00 \u00e0 16 h 00 et de 20 h 00 \u00e0 22 h 00<\/span><\/p>\n<p><span style=\"font-size: medium;\">\u27a2<\/span><span style=\"font: 7pt 'Times New Roman'; margin: 0px; font-size-adjust: none; font-stretch: normal;\">&nbsp; <\/span><span style=\"font-size: medium;\">le vendredi de 14 h 00 \u00e0 16 h 00<\/span><\/p>\n<h5>Nos activit\u00e9s<em>&nbsp;:<\/em><\/h5>\n<p><span style=\"font-size: medium;\"><em>Les lundi et vendredi apr\u00e8s-midi&nbsp;:<\/em><i> <\/i>Ces deux jours feront l\u2019objet de l\u2019utilisation des diff\u00e9rents logiciels gratuits utilis\u00e9s par le Club, les sauvegardes, la messagerie, et bien d\u2019autres choses seront \u00e0 l\u2019ordre du jour.<\/span><\/p>\n<p><span style=\"font-size: medium;\"><i>Le jeudi apr\u00e8s-midi :<\/i> C\u2019est l\u2019occasion, pour les nouveaux adh\u00e9rents, de venir s\u2019initier \u00e0 l\u2019informatique.<\/span><\/p>\n<p><span style=\"font-size: medium;\">Le jeudi en soir\u00e9e : Soir\u00e9e pour des cours destin\u00e9s aux utilisateurs confirm\u00e9s.<\/span><\/p>\n<h5>Quand nous contacter<em>&nbsp;:<\/em><\/h5>\n<p><span style=\"font-size: medium;\">\u27a2<\/span><span style=\"font: 7pt 'Times New Roman'; margin: 0px; font-size-adjust: none; font-stretch: normal;\">&nbsp; <\/span><span style=\"font-size: medium;\">pendant les permanences cit\u00e9es ci-dessus au 03.83.23.28.43<\/span><\/p>\n<p><span style=\"color: #000000;\"><span style=\"font-size: medium;\">\u27a2<\/span><span style=\"font: 7pt 'Times New Roman'; margin: 0px; font-size-adjust: none; font-stretch: normal;\">&nbsp; <\/span><\/span><span style=\"font-size: medium;\">ou par mail : <a>dieulouard@laposte.net<\/a><\/span><\/p>\n<p><span style=\"font-size: medium;\">Vous qui avez entre 18 et 99 ans, n\u2019h\u00e9sitez pas \u00e0 nous rencontrer, nous vous attendons pour apprendre, dans la bonne humeur, toutes les techniques modernes.<\/span><\/p>\n<p><span style=\"font-size: medium;\">Bien amicalement,<\/span><\/p>\n<p><span style=\"color: #000000; font-family: Times New Roman; font-size: medium;\">&nbsp;<\/span><\/p>\n","protected":false},"excerpt":{"rendered":"<p>A propos Bonjour \u00e0 toutes et \u00e0 tous Qui sommes-nous&nbsp;: Nous sommes un petit groupe de b\u00e9n\u00e9voles qui partageons notre savoir sur l\u2019informatique avec toutes les personnes d\u00e9sireuses d\u2019en conna\u00eetre davantage. O\u00f9 sommes-nous&nbsp;: Le Club MICROTEL Multim\u00e9dia de Dieulouard se trouve au n\u00b0 10 de la rue Saint-Laurent \u00e0 DIEULOUARD (dans la rue de l\u2019Eglise [&hellip;]<\/p>\n","protected":false},"author":2,"featured_media":0,"parent":0,"menu_order":0,"comment_status":"open","ping_status":"open","template":"","meta":{"ngg_post_thumbnail":0,"footnotes":""},"class_list":["post-7","page","type-page","status-publish","hentry"],"aioseo_notices":[],"_links":{"self":[{"href":"http:\/\/mangon-home.fr\/microtel-dieulouard\/wp-json\/wp\/v2\/pages\/7","targetHints":{"allow":["GET"]}}],"collection":[{"href":"http:\/\/mangon-home.fr\/microtel-dieulouard\/wp-json\/wp\/v2\/pages"}],"about":[{"href":"http:\/\/mangon-home.fr\/microtel-dieulouard\/wp-json\/wp\/v2\/types\/page"}],"author":[{"embeddable":true,"href":"http:\/\/mangon-home.fr\/microtel-dieulouard\/wp-json\/wp\/v2\/users\/2"}],"replies":[{"embeddable":true,"href":"http:\/\/mangon-home.fr\/microtel-dieulouard\/wp-json\/wp\/v2\/comments?post=7"}],"version-history":[{"count":25,"href":"http:\/\/mangon-home.fr\/microtel-dieulouard\/wp-json\/wp\/v2\/pages\/7\/revisions"}],"predecessor-version":[{"id":1917,"href":"http:\/\/mangon-home.fr\/microtel-dieulouard\/wp-json\/wp\/v2\/pages\/7\/revisions\/1917"}],"wp:attachment":[{"href":"http:\/\/mangon-home.fr\/microtel-dieulouard\/wp-json\/wp\/v2\/media?parent=7"}],"curies":[{"name":"wp","href":"https:\/\/api.w.org\/{rel}","templated":true}]}}